{"id":100,"date":"2018-03-19T12:07:27","date_gmt":"2018-03-19T11:07:27","guid":{"rendered":"https:\/\/mflohsa.lima-city.de\/wordpress\/?page_id=100"},"modified":"2022-01-13T23:33:23","modified_gmt":"2022-01-13T22:33:23","slug":"impressum","status":"publish","type":"page","link":"https:\/\/satanians.de\/wordpress\/impressum\/","title":{"rendered":"Impressum"},"content":{"rendered":"\t\t<div data-elementor-type=\"wp-page\" data-elementor-id=\"100\" class=\"elementor elementor-100\">\n\t\t\t\t\t\t<section class=\"elementor-section elementor-top-section elementor-element elementor-element-baadd02 elementor-section-boxed elementor-section-height-default elementor-section-height-default\" data-id=\"baadd02\" data-element_type=\"section\" data-e-type=\"section\">\n\t\t\t\t\t\t<div class=\"elementor-container elementor-column-gap-default\">\n\t\t\t\t\t<div class=\"elementor-column elementor-col-100 elementor-top-column elementor-element elementor-element-478e16f\" data-id=\"478e16f\" data-element_type=\"column\" data-e-type=\"column\">\n\t\t\t<div class=\"elementor-widget-wrap elementor-element-populated\">\n\t\t\t\t\t\t<div class=\"elementor-element elementor-element-f1a2cfe elementor-widget elementor-widget-heading\" data-id=\"f1a2cfe\" data-element_type=\"widget\" data-e-type=\"widget\" data-widget_type=\"heading.default\">\n\t\t\t\t<div class=\"elementor-widget-container\">\n\t\t\t\t\t<h2 class=\"elementor-heading-title elementor-size-default\">Impressum<\/h2>\t\t\t\t<\/div>\n\t\t\t\t<\/div>\n\t\t\t\t\t<\/div>\n\t\t<\/div>\n\t\t\t\t\t<\/div>\n\t\t<\/section>\n\t\t\t\t<section class=\"elementor-section elementor-top-section elementor-element elementor-element-7655ce4 elementor-section-boxed elementor-section-height-default elementor-section-height-default\" data-id=\"7655ce4\" data-element_type=\"section\" data-e-type=\"section\">\n\t\t\t\t\t\t<div class=\"elementor-container elementor-column-gap-default\">\n\t\t\t\t\t<div class=\"elementor-column elementor-col-50 elementor-top-column elementor-element elementor-element-8c4b69b\" data-id=\"8c4b69b\" data-element_type=\"column\" data-e-type=\"column\">\n\t\t\t<div class=\"elementor-widget-wrap elementor-element-populated\">\n\t\t\t\t\t\t<div class=\"elementor-element elementor-element-687c8e1 elementor-widget elementor-widget-heading\" data-id=\"687c8e1\" data-element_type=\"widget\" data-e-type=\"widget\" data-widget_type=\"heading.default\">\n\t\t\t\t<div class=\"elementor-widget-container\">\n\t\t\t\t\t<h3 class=\"elementor-heading-title elementor-size-default\">Anbieterinformationen<\/h3>\t\t\t\t<\/div>\n\t\t\t\t<\/div>\n\t\t\t\t<div class=\"elementor-element elementor-element-586acb7 elementor-widget elementor-widget-text-editor\" data-id=\"586acb7\" data-element_type=\"widget\" data-e-type=\"widget\" data-widget_type=\"text-editor.default\">\n\t\t\t\t<div class=\"elementor-widget-container\">\n\t\t\t\t\t\t\t\t\t<p><b>Motorradfreunde Lohsa 1998 &#8222;Satanians&#8220;<br \/><\/b>Thorsten Krohn<br \/>Am See 36<br \/>02999 Lohsa<br \/>Deutschland<\/p>\t\t\t\t\t\t\t\t<\/div>\n\t\t\t\t<\/div>\n\t\t\t\t\t<\/div>\n\t\t<\/div>\n\t\t\t\t<div class=\"elementor-column elementor-col-50 elementor-top-column elementor-element elementor-element-b2b88c9\" data-id=\"b2b88c9\" data-element_type=\"column\" data-e-type=\"column\">\n\t\t\t<div class=\"elementor-widget-wrap elementor-element-populated\">\n\t\t\t\t\t\t<div class=\"elementor-element elementor-element-714e6c6 elementor-widget elementor-widget-heading\" data-id=\"714e6c6\" data-element_type=\"widget\" data-e-type=\"widget\" data-widget_type=\"heading.default\">\n\t\t\t\t<div class=\"elementor-widget-container\">\n\t\t\t\t\t<h3 class=\"elementor-heading-title elementor-size-default\">Rechtliche Angaben<\/h3>\t\t\t\t<\/div>\n\t\t\t\t<\/div>\n\t\t\t\t<div class=\"elementor-element elementor-element-255e9e6 elementor-widget elementor-widget-text-editor\" data-id=\"255e9e6\" data-element_type=\"widget\" data-e-type=\"widget\" data-widget_type=\"text-editor.default\">\n\t\t\t\t<div class=\"elementor-widget-container\">\n\t\t\t\t\t\t\t\t\t<p><b>Vertretungsberechtigt:<\/b> Ren\u00e9 Freund &#8211; Pr\u00e4sident &#8211; <a href=\"mailto:mflohsa@gmail.com\">mflohsa@gmail.com<\/a><\/p><p>\n<b>Inhaltlich Verantwortlich gem\u00e4\u00df TMG:<\/b> Torsten Krohn &#8211; <a href=\"mailto:Totti666@freenet.de\">Totti666@freenet.de<\/a><\/p>\t\t\t\t\t\t\t\t<\/div>\n\t\t\t\t<\/div>\n\t\t\t\t\t<\/div>\n\t\t<\/div>\n\t\t\t\t\t<\/div>\n\t\t<\/section>\n\t\t\t\t<section class=\"elementor-section elementor-top-section elementor-element elementor-element-0ffcbba elementor-section-boxed elementor-section-height-default elementor-section-height-default\" data-id=\"0ffcbba\" data-element_type=\"section\" data-e-type=\"section\">\n\t\t\t\t\t\t<div class=\"elementor-container elementor-column-gap-default\">\n\t\t\t\t\t<div class=\"elementor-column elementor-col-100 elementor-top-column elementor-element elementor-element-2cadaca\" data-id=\"2cadaca\" data-element_type=\"column\" data-e-type=\"column\">\n\t\t\t<div class=\"elementor-widget-wrap elementor-element-populated\">\n\t\t\t\t\t\t<div class=\"elementor-element elementor-element-6ee1e90 elementor-widget elementor-widget-text-editor\" data-id=\"6ee1e90\" data-element_type=\"widget\" data-e-type=\"widget\" data-widget_type=\"text-editor.default\">\n\t\t\t\t<div class=\"elementor-widget-container\">\n\t\t\t\t\t\t\t\t\t<p>Trotz sorgf\u00e4ltiger inhaltlicher Kontrolle \u00fcbernehmen wir keine Haftung f\u00fcr die Inhalte externer Links. F\u00fcr den Inhalt der verlinkten Seiten sind ausschlie\u00dflich deren Betreiber verantwortlich.<\/p><p>\nAlle hier verwendeten Namen, Begriffe, Zeichen und Grafiken k\u00f6nnen Marken- oder Warenzeichen im Besitze ihrer rechtlichen Eigent\u00fcmer sein. Die Rechte aller erw\u00e4hnten und benutzten Marken- und Warenzeichen liegen ausschlie\u00dflich bei deren Besitzern.<\/p><p>\n<strong>BITTE BEACHTEN !!!<\/strong><br>\nKeine Abmahnung ohne vorherigen Kontakt!<\/p><p>\nSollte der Inhalt oder die Aufmachung dieser Seiten fremde Rechte Dritter oder gesetzliche Bestimmungen verletzen, so bitten wir um eine entsprechende Benachrichtigung des Webmasters oder Verantwortlichen ohne Kostennote. Die Beseitigung einer m\u00f6glicherweise von diesen Seiten ausgehenden Schutzrecht-Verletzung durch Schutzrecht-Inhaber\/innen selbst darf nicht ohne unsere Zustimmung erfolgen.\nWir garantieren, dass die zu Recht beanstandeten Passagen unverz\u00fcglich entfernt werden, ohne dass von Ihrer Seite die Einschaltung eines Rechtsbeistandes erforderlich ist.\nSollten dennoch von Ihnen, ohne vorherige Kontaktaufnahme ausgel\u00f6ste Kosten auf uns zukommen, werden wir diese vollumf\u00e4nglich zur\u00fcckweisen und gegebenenfalls Gegenklage wegen Verletzung vorgenannter Bestimmungen einreichen.<\/p><p>\nVielen Dank f\u00fcr Ihr Verst\u00e4ndnis.<\/p>\t\t\t\t\t\t\t\t<\/div>\n\t\t\t\t<\/div>\n\t\t\t\t\t<\/div>\n\t\t<\/div>\n\t\t\t\t\t<\/div>\n\t\t<\/section>\n\t\t\t\t<\/div>\n\t\t","protected":false},"excerpt":{"rendered":"<p>Impressum Anbieterinformationen Motorradfreunde Lohsa 1998 &#8222;Satanians&#8220;Thorsten KrohnAm See 3602999 LohsaDeutschland Rechtliche Angaben Vertretungsberechtigt: Ren\u00e9 Freund &#8211; Pr\u00e4sident &#8211; mflohsa@gmail.com Inhaltlich Verantwortlich gem\u00e4\u00df TMG: Torsten Krohn &#8211; Totti666@freenet.de Trotz sorgf\u00e4ltiger inhaltlicher Kontrolle \u00fcbernehmen wir keine Haftung f\u00fcr die Inhalte externer Links. F\u00fcr den Inhalt der verlinkten Seiten sind ausschlie\u00dflich deren Betreiber verantwortlich. Alle hier verwendeten Namen, Begriffe, Zeichen und Grafiken k\u00f6nnen Marken- oder Warenzeichen im Besitze ihrer rechtlichen Eigent\u00fcmer sein. Die Rechte aller erw\u00e4hnten und benutzten Marken- und Warenzeichen liegen ausschlie\u00dflich bei deren Besitzern. BITTE BEACHTEN !!! Keine Abmahnung ohne vorherigen Kontakt! Sollte der Inhalt oder die Aufmachung dieser Seiten fremde Rechte Dritter oder gesetzliche Bestimmungen verletzen, so bitten wir um eine entsprechende Benachrichtigung des Webmasters oder Verantwortlichen ohne Kostennote. Die [&hellip;]<\/p>\n","protected":false},"author":1,"featured_media":0,"parent":0,"menu_order":0,"comment_status":"closed","ping_status":"closed","template":"page-templates\/page_front-page.php","meta":{"ngg_post_thumbnail":0,"footnotes":""},"class_list":["post-100","page","type-page","status-publish","hentry"],"_links":{"self":[{"href":"https:\/\/satanians.de\/wordpress\/wp-json\/wp\/v2\/pages\/100","targetHints":{"allow":["GET"]}}],"collection":[{"href":"https:\/\/satanians.de\/wordpress\/wp-json\/wp\/v2\/pages"}],"about":[{"href":"https:\/\/satanians.de\/wordpress\/wp-json\/wp\/v2\/types\/page"}],"author":[{"embeddable":true,"href":"https:\/\/satanians.de\/wordpress\/wp-json\/wp\/v2\/users\/1"}],"replies":[{"embeddable":true,"href":"https:\/\/satanians.de\/wordpress\/wp-json\/wp\/v2\/comments?post=100"}],"version-history":[{"count":17,"href":"https:\/\/satanians.de\/wordpress\/wp-json\/wp\/v2\/pages\/100\/revisions"}],"predecessor-version":[{"id":3652,"href":"https:\/\/satanians.de\/wordpress\/wp-json\/wp\/v2\/pages\/100\/revisions\/3652"}],"wp:attachment":[{"href":"https:\/\/satanians.de\/wordpress\/wp-json\/wp\/v2\/media?parent=100"}],"curies":[{"name":"wp","href":"https:\/\/api.w.org\/{rel}","templated":true}]}}